{"id":195,"date":"2014-07-22T09:00:20","date_gmt":"2014-07-22T06:00:20","guid":{"rendered":"http:\/\/www.cssigniter.com\/preview\/santorini\/?page_id=195"},"modified":"2024-03-19T18:24:50","modified_gmt":"2024-03-19T18:24:50","slug":"suites-javea-art-boutique-bed-breakfast-finca-costa-blanca","status":"publish","type":"page","link":"https:\/\/fincavuyatela.com\/nl\/suites-javea-art-boutique-bed-breakfast-finca-costa-blanca\/","title":{"rendered":"Onze Suites"},"content":{"rendered":"<section class=\"wpb-content-wrapper\"><div class=\"vc_row wpb_row vc_row-fluid\"><div class=\"wpb_column vc_column_container vc_col-sm-12\"><div class=\"vc_column-inner\"><div class=\"wpb_wrapper\">\n\t<div class=\"wpb_text_column wpb_content_element\" >\n\t\t<div class=\"wpb_wrapper\">\n\t\t\t<blockquote><p>\n<span style=\"font-family: 'trebuchet ms', geneva, sans-serif;\">Wil je even helemaal er uit, ontspannen op een prachtige locatie in een relaxte sfeer? Genieten van de natuur, het strand, de zon en verwen jezelf ook op culinaire wijze ...<\/span>\n<\/p><\/blockquote>\n<p><span style=\"font-family: 'trebuchet ms', geneva, sans-serif;\">Patries en Carel en natuurlijk onze golden retriever, Sjors, kijken uit naar uw komst.<\/span><\/p>\n\n\t\t<\/div>\n\t<\/div>\n<\/div><\/div><\/div><\/div><div class=\"vc_row wpb_row vc_row-fluid\"><div class=\"wpb_column vc_column_container vc_col-sm-12\"><div class=\"vc_column-inner\"><div class=\"wpb_wrapper\">\n<div class=\"vc_grid-container-wrapper vc_clearfix vc_grid-animation-fadeIn\">\n\t<div class=\"vc_grid-container vc_clearfix wpb_content_element vc_basic_grid\" data-initial-loading-animation=\"fadeIn\" data-vc-grid-settings=\"{&quot;page_id&quot;:195,&quot;style&quot;:&quot;all&quot;,&quot;action&quot;:&quot;vc_get_vc_grid_data&quot;,&quot;shortcode_id&quot;:&quot;1710872147478-16e57a57-8a30-6&quot;,&quot;tag&quot;:&quot;vc_basic_grid&quot;}\" data-vc-request=\"https:\/\/fincavuyatela.com\/wp-admin\/admin-ajax.php\" data-vc-post-id=\"195\" data-vc-public-nonce=\"35ed988292\">\n\t\t<style data-type=\"vc_shortcodes-custom-css\">.vc_custom_1419240516480{background-color: #f9f9f9 !important;}<\/style><div class=\"vc_grid vc_row vc_grid-gutter-10px vc_pageable-wrapper vc_hook_hover\" data-vc-pageable-content=\"true\"><div class=\"vc_pageable-slide-wrapper vc_clearfix\" data-vc-grid-content=\"true\"><div class=\"vc_grid-item vc_clearfix vc_col-sm-12 vc_grid-item-zone-c-bottom\"><div class=\"vc_grid-item-mini vc_clearfix\"><div class=\"vc_gitem-animated-block\" ><div class=\"vc_gitem-zone vc_gitem-zone-a vc-gitem-zone-height-mode-auto vc-gitem-zone-height-mode-auto-1-1 vc_gitem-is-link\" style=\"background-image: url('https:\/\/fincavuyatela.com\/wp-content\/uploads\/Finca_naya_pool_800x600.jpg') !important;\"><a href=\"https:\/\/fincavuyatela.com\/nl\/room\/complete-casa-rural-finca-vuyatela-javea-denia-costa-blanca\/\" title=\"Complete 10 persoons Finca (incl. de 4 suites)\" class=\"vc_gitem-link vc-zone-link\" ><\/a><picture><source srcset=\"https:\/\/fincavuyatela.com\/wp-content\/uploads\/Finca_naya_pool_800x600.jpg.webp\" type=\"image\/webp\"><img src=\"https:\/\/fincavuyatela.com\/wp-content\/uploads\/Finca_naya_pool_800x600.jpg\" class=\"vc_gitem-zone-img webpexpress-processed\" alt=\"Finca_naya_pool_800x600\"><\/picture><div class=\"vc_gitem-zone-mini\"><\/div><\/div><\/div><div class=\"vc_gitem-zone vc_gitem-zone-c vc_custom_1419240516480\"><div class=\"vc_gitem-zone-mini\"><div class=\"vc_gitem_row vc_row vc_gitem-row-position-top\"><div class=\"vc_col-sm-12 vc_gitem-col vc_gitem-col-align-\"><div class=\"vc_custom_heading vc_gitem-post-data vc_gitem-post-data-source-post_title\" ><h4 style=\"text-align: left\" >Complete 10 persoons Finca (incl. de 4 suites)<\/h4><\/div><div class=\"vc_custom_heading vc_gitem-post-data vc_gitem-post-data-source-post_excerpt\" ><p style=\"text-align: left\" ><p>Finca Vuyatela is a fabulous place to spend some beautiful relaxing and enjoyable times. This finca does not only offer breathtaking views but you also enjoy nature on a private plot of over 10.000 m2. Description: Guests: 10 Bathroom: 5 Bedroom: House + 4 Studios Beds: 4 double + 2[&#8230;]<\/p>\n<\/p><\/div><div class=\"vc_btn3-container vc_btn3-left\"><a class=\"vc_general vc_btn3 vc_btn3-size-md vc_btn3-shape-rounded vc_btn3-style-flat vc_btn3-color-juicy-pink\" a href=\"https:\/\/fincavuyatela.com\/nl\/room\/complete-casa-rural-finca-vuyatela-javea-denia-costa-blanca\/\" title=\"Meer lezen\">Meer lezen<\/a><\/div><\/div><\/div><\/div><\/div><\/div><div class=\"vc_clearfix\"><\/div><\/div><div class=\"vc_grid-item vc_clearfix vc_col-sm-12 vc_grid-item-zone-c-bottom\"><div class=\"vc_grid-item-mini vc_clearfix\"><div class=\"vc_gitem-animated-block\" ><div class=\"vc_gitem-zone vc_gitem-zone-a vc-gitem-zone-height-mode-auto vc-gitem-zone-height-mode-auto-1-1 vc_gitem-is-link\" style=\"background-image: url('https:\/\/fincavuyatela.com\/wp-content\/uploads\/Vinca_Vuyatela_Suite_Granota_0255.jpg') !important;\"><a href=\"https:\/\/fincavuyatela.com\/nl\/room\/suite-granota-finca-casa-rural-bed-breakfast-costa-blanca\/\" title=\"Suite Granota\" class=\"vc_gitem-link vc-zone-link\" ><\/a><picture><source srcset=\"https:\/\/fincavuyatela.com\/wp-content\/uploads\/Vinca_Vuyatela_Suite_Granota_0255.jpg.webp\" type=\"image\/webp\"><img src=\"https:\/\/fincavuyatela.com\/wp-content\/uploads\/Vinca_Vuyatela_Suite_Granota_0255.jpg\" class=\"vc_gitem-zone-img webpexpress-processed\" alt=\"Vinca_Vuyatela_Suite_Granota_0255\"><\/picture><div class=\"vc_gitem-zone-mini\"><\/div><\/div><\/div><div class=\"vc_gitem-zone vc_gitem-zone-c vc_custom_1419240516480\"><div class=\"vc_gitem-zone-mini\"><div class=\"vc_gitem_row vc_row vc_gitem-row-position-top\"><div class=\"vc_col-sm-12 vc_gitem-col vc_gitem-col-align-\"><div class=\"vc_custom_heading vc_gitem-post-data vc_gitem-post-data-source-post_title\" ><h4 style=\"text-align: left\" >Suite Granota<\/h4><\/div><div class=\"vc_custom_heading vc_gitem-post-data vc_gitem-post-data-source-post_excerpt\" ><p style=\"text-align: left\" ><p>\u2018Extremely relaxing apartment in Javea\u2019a most tranquil area, A peaceful hideaway\u2026.\u2019 Description: Guests: 2 Bathroom: 1 Bedroom: Studio Beds: 1 double (or 2 singles) Surface: apr. 25 m2 minimum rental period: 2 nights Traveling with 4? Suite Granota is perfect to combine with the adjacent suite Golondrina\u00a0with a kitchenette. Suite[&#8230;]<\/p>\n<\/p><\/div><div class=\"vc_btn3-container vc_btn3-left\"><a class=\"vc_general vc_btn3 vc_btn3-size-md vc_btn3-shape-rounded vc_btn3-style-flat vc_btn3-color-juicy-pink\" a href=\"https:\/\/fincavuyatela.com\/nl\/room\/suite-granota-finca-casa-rural-bed-breakfast-costa-blanca\/\" title=\"Meer lezen\">Meer lezen<\/a><\/div><\/div><\/div><\/div><\/div><\/div><div class=\"vc_clearfix\"><\/div><\/div><div class=\"vc_grid-item vc_clearfix vc_col-sm-12 vc_grid-item-zone-c-bottom\"><div class=\"vc_grid-item-mini vc_clearfix\"><div class=\"vc_gitem-animated-block\" ><div class=\"vc_gitem-zone vc_gitem-zone-a vc-gitem-zone-height-mode-auto vc-gitem-zone-height-mode-auto-1-1 vc_gitem-is-link\" style=\"background-image: url('https:\/\/fincavuyatela.com\/wp-content\/uploads\/Finca_Vuyatela_Golondrina_7933_800x600.jpg') !important;\"><a href=\"https:\/\/fincavuyatela.com\/nl\/room\/suite-golondrina-finca-vuyatela-javea-art-boutique-bed-breakfast\/\" title=\"Suite Golondrina\" class=\"vc_gitem-link vc-zone-link\" ><\/a><picture><source srcset=\"https:\/\/fincavuyatela.com\/wp-content\/uploads\/Finca_Vuyatela_Golondrina_7933_800x600.jpg.webp\" type=\"image\/webp\"><img src=\"https:\/\/fincavuyatela.com\/wp-content\/uploads\/Finca_Vuyatela_Golondrina_7933_800x600.jpg\" class=\"vc_gitem-zone-img webpexpress-processed\" alt=\"Finca_Vuyatela_Golondrina_7933_800x600\"><\/picture><div class=\"vc_gitem-zone-mini\"><\/div><\/div><\/div><div class=\"vc_gitem-zone vc_gitem-zone-c vc_custom_1419240516480\"><div class=\"vc_gitem-zone-mini\"><div class=\"vc_gitem_row vc_row vc_gitem-row-position-top\"><div class=\"vc_col-sm-12 vc_gitem-col vc_gitem-col-align-\"><div class=\"vc_custom_heading vc_gitem-post-data vc_gitem-post-data-source-post_title\" ><h4 style=\"text-align: left\" >Suite Golondrina<\/h4><\/div><div class=\"vc_custom_heading vc_gitem-post-data vc_gitem-post-data-source-post_excerpt\" ><p style=\"text-align: left\" ><p>\u2018Modern apartments in the middle of nature, beautiful panoramic view over the Montg\u00f3 the Mediterranean Sea and the bay of J\u00e1vea\u2026\u2019 Description: Guests: 2 Bathroom: 1 Bedroom: Studio Beds: 2 singles Surface: apr. 31 m2 minimum rental period: 2 nights Traveling with 4? Suite Golondrina is perfect to combine with[&#8230;]<\/p>\n<\/p><\/div><div class=\"vc_btn3-container vc_btn3-left\"><a class=\"vc_general vc_btn3 vc_btn3-size-md vc_btn3-shape-rounded vc_btn3-style-flat vc_btn3-color-juicy-pink\" a href=\"https:\/\/fincavuyatela.com\/nl\/room\/suite-golondrina-finca-vuyatela-javea-art-boutique-bed-breakfast\/\" title=\"Meer lezen\">Meer lezen<\/a><\/div><\/div><\/div><\/div><\/div><\/div><div class=\"vc_clearfix\"><\/div><\/div><div class=\"vc_grid-item vc_clearfix vc_col-sm-12 vc_grid-item-zone-c-bottom\"><div class=\"vc_grid-item-mini vc_clearfix\"><div class=\"vc_gitem-animated-block\" ><div class=\"vc_gitem-zone vc_gitem-zone-a vc-gitem-zone-height-mode-auto vc-gitem-zone-height-mode-auto-1-1 vc_gitem-is-link\" style=\"background-image: url('https:\/\/fincavuyatela.com\/wp-content\/uploads\/Finca_Vuyatela_Gekko_6365.jpg') !important;\"><a href=\"https:\/\/fincavuyatela.com\/nl\/room\/suite-gekko-finca-vuyatela-javea-art-boutique-bed-breakfast\/\" title=\"Suite Gekko\" class=\"vc_gitem-link vc-zone-link\" ><\/a><picture><source srcset=\"https:\/\/fincavuyatela.com\/wp-content\/uploads\/Finca_Vuyatela_Gekko_6365.jpg.webp\" type=\"image\/webp\"><img src=\"https:\/\/fincavuyatela.com\/wp-content\/uploads\/Finca_Vuyatela_Gekko_6365.jpg\" class=\"vc_gitem-zone-img webpexpress-processed\" alt=\"Finca_Vuyatela_Gekko_6365\"><\/picture><div class=\"vc_gitem-zone-mini\"><\/div><\/div><\/div><div class=\"vc_gitem-zone vc_gitem-zone-c vc_custom_1419240516480\"><div class=\"vc_gitem-zone-mini\"><div class=\"vc_gitem_row vc_row vc_gitem-row-position-top\"><div class=\"vc_col-sm-12 vc_gitem-col vc_gitem-col-align-\"><div class=\"vc_custom_heading vc_gitem-post-data vc_gitem-post-data-source-post_title\" ><h4 style=\"text-align: left\" >Suite Gekko<\/h4><\/div><div class=\"vc_custom_heading vc_gitem-post-data vc_gitem-post-data-source-post_excerpt\" ><p style=\"text-align: left\" ><p>\u2018Modern apartments in the middle of nature, beautiful panoramic view over the Montg\u00f3 the Mediterranean Sea and the bay of J\u00e1vea\u2026\u2019 Description: Guests: 2\u00a0 Bathroom: 1 Bedroom: Studio Beds: 2 single Surface: apr. 25 m2 minimum rental period: 2 nights Traveling with 4? Suite Gekko is perfect to combine with[&#8230;]<\/p>\n<\/p><\/div><div class=\"vc_btn3-container vc_btn3-left\"><a class=\"vc_general vc_btn3 vc_btn3-size-md vc_btn3-shape-rounded vc_btn3-style-flat vc_btn3-color-juicy-pink\" a href=\"https:\/\/fincavuyatela.com\/nl\/room\/suite-gekko-finca-vuyatela-javea-art-boutique-bed-breakfast\/\" title=\"Meer lezen\">Meer lezen<\/a><\/div><\/div><\/div><\/div><\/div><\/div><div class=\"vc_clearfix\"><\/div><\/div><div class=\"vc_grid-item vc_clearfix vc_col-sm-12 vc_grid-item-zone-c-bottom\"><div class=\"vc_grid-item-mini vc_clearfix\"><div class=\"vc_gitem-animated-block\" ><div class=\"vc_gitem-zone vc_gitem-zone-a vc-gitem-zone-height-mode-auto vc-gitem-zone-height-mode-auto-1-1 vc_gitem-is-link\" style=\"background-image: url('https:\/\/fincavuyatela.com\/wp-content\/uploads\/Finca_Vuyatela_Galago_275.jpg') !important;\"><a href=\"https:\/\/fincavuyatela.com\/nl\/room\/suite-galago-finca-casa-rural-hotel-javea-costa-blanca\/\" title=\"Suite Galago\" class=\"vc_gitem-link vc-zone-link\" ><\/a><picture><source srcset=\"https:\/\/fincavuyatela.com\/wp-content\/uploads\/Finca_Vuyatela_Galago_275.jpg.webp\" type=\"image\/webp\"><img src=\"https:\/\/fincavuyatela.com\/wp-content\/uploads\/Finca_Vuyatela_Galago_275.jpg\" class=\"vc_gitem-zone-img webpexpress-processed\" alt=\"Finca_Vuyatela_Galago_275\"><\/picture><div class=\"vc_gitem-zone-mini\"><\/div><\/div><\/div><div class=\"vc_gitem-zone vc_gitem-zone-c vc_custom_1419240516480\"><div class=\"vc_gitem-zone-mini\"><div class=\"vc_gitem_row vc_row vc_gitem-row-position-top\"><div class=\"vc_col-sm-12 vc_gitem-col vc_gitem-col-align-\"><div class=\"vc_custom_heading vc_gitem-post-data vc_gitem-post-data-source-post_title\" ><h4 style=\"text-align: left\" >Suite Galago<\/h4><\/div><div class=\"vc_custom_heading vc_gitem-post-data vc_gitem-post-data-source-post_excerpt\" ><p style=\"text-align: left\" ><p>\u2018Cozy, modern and beautiful apt in tranquil area, but only 10 minutes from Javea center and beach\u2026\u2019 Description: Guests: 2 (extra bed on request, 30% surcharge) Bathroom: 1 Bedroom: Studio Beds: 1 double (or 2 singles) Surface: apr. 25 m2 minimum rental period: 2 nights Suite Galago Finca Casa Rural[&#8230;]<\/p>\n<\/p><\/div><div class=\"vc_btn3-container vc_btn3-left\"><a class=\"vc_general vc_btn3 vc_btn3-size-md vc_btn3-shape-rounded vc_btn3-style-flat vc_btn3-color-juicy-pink\" a href=\"https:\/\/fincavuyatela.com\/nl\/room\/suite-galago-finca-casa-rural-hotel-javea-costa-blanca\/\" title=\"Meer lezen\">Meer lezen<\/a><\/div><\/div><\/div><\/div><\/div><\/div><div class=\"vc_clearfix\"><\/div><\/div><\/div><\/div>\n\t<\/div>\n<\/div>\n\t<div class=\"wpb_text_column wpb_content_element\" >\n\t\t<div class=\"wpb_wrapper\">\n\t\t\t<p style=\"text-align: center;\" hidden=\"\">Suites Javea Art Boutique Bed Breakfast Finca Costa Blanca<\/p>\n<table style=\"width: 99.944134%; background-color: white; height: 270px;\" border=\"1\">\n<tbody>\n<tr style=\"height: 56px;\">\n<td style=\"width: 50%; ; height: 56px;\">Prices 2023 &#8211; 2024<\/td>\n<td style=\"width: 20%; height: 56px;\" align=\"center\">suites<\/td>\n<td style=\"width: 30%; height: 56px;\" align=\"center\">10 person Finca incl. 4 suites<\/td>\n<\/tr>\n<tr style=\"height: 24px;\">\n<td style=\"height: 24px; width: 41.17368051262298%;\">December 19 &#8211; January 8<\/td>\n<td style=\"height: 24px; width: 16.308670884303474%;\" align=\"center\">\u20ac 89<\/td>\n<td style=\"height: 24px; width: 53.99900172845616%;\" align=\"center\">on request<\/td>\n<\/tr>\n<tr style=\"height: 24px;\">\n<td style=\"height: 22px; width: 41.173681%;\">January 9 &#8211; March 31<\/td>\n<td style=\"height: 22px; width: 16.308671%;\" align=\"center\">\u20ac 79<\/td>\n<td style=\"height: 22px; width: 53.999002%;\" align=\"center\">on request<\/td>\n<\/tr>\n<tr style=\"height: 24px;\">\n<td style=\"width: 41.173681%; height: 24px;\">April 1 &#8211; April 9<\/td>\n<td style=\"width: 16.308671%; height: 24px; text-align: center;\">\u20ac 95<\/td>\n<td style=\"width: 53.999002%; height: 24px; text-align: center;\">on request<\/td>\n<\/tr>\n<tr style=\"height: 24px;\">\n<td style=\"width: 41.173681%; height: 24px; text-align: left;\">April 10 &#8211; June 30<\/td>\n<td style=\"width: 16.308671%; height: 24px; text-align: center;\">\u20ac 89<\/td>\n<td style=\"width: 53.999002%; height: 24px; text-align: center;\">on request<\/td>\n<\/tr>\n<tr style=\"height: 24px;\">\n<td style=\"height: 24px; width: 41.17368051262298%;\">July 1- July 29<\/td>\n<td style=\"height: 24px; width: 16.308670884303474%;\" align=\"center\">\u20ac 95<\/td>\n<td style=\"height: 24px; width: 53.99900172845616%;\" align=\"center\">on request<\/td>\n<\/tr>\n<tr style=\"height: 24px;\">\n<td style=\"height: 24px; width: 41.17368051262298%;\">July 30 &#8211; September 3<\/td>\n<td style=\"height: 24px; width: 16.308670884303474%;\" align=\"center\">\u20ac 125<\/td>\n<td style=\"height: 24px; width: 53.99900172845616%;\" align=\"center\">on request<\/td>\n<\/tr>\n<tr style=\"height: 24px;\">\n<td style=\"height: 24px; width: 41.17368051262298%;\">September 4 &#8211; October 1<\/td>\n<td style=\"height: 24px; width: 16.308670884303474%;\" align=\"center\">\u20ac 95<\/td>\n<td style=\"height: 24px; width: 53.99900172845616%;\" align=\"center\">on request<\/td>\n<\/tr>\n<tr style=\"height: 24px;\">\n<td style=\"height: 24px; width: 41.17368051262298%;\">October 2 &#8211; December 22<\/td>\n<td style=\"height: 24px; width: 16.308670884303474%;\" align=\"center\">\u20ac 79<\/td>\n<td style=\"height: 24px; width: 53.99900172845616%;\" align=\"center\">on request<\/td>\n<\/tr>\n<tr style=\"height: 24px;\">\n<td style=\"height: 24px; width: 41.17368051262298%;\">December 23 &#8211; January 8<\/td>\n<td style=\"height: 24px; width: 16.308670884303474%;\" align=\"center\">\u20ac 95<\/td>\n<td style=\"height: 24px; width: 53.99900172845616%;\" align=\"center\">on request<\/td>\n<\/tr>\n<\/tbody>\n<\/table>\n<p>Suite prices are per night (prices are excluding \u20ac 40,- end-cleaning per stay).<br \/>\nSuites minimaal verblijf, 2 nachten, Finca minimaal 7 nachten<\/p>\n<p><a href=\"https:\/\/fincavuyatela.com\/wp-content\/uploads\/room-info-sheet-EN.pdf\">Klik hier<\/a> to read (in English) our Covid-19 update &amp; information for your stay.<\/p>\n<p><a href=\"https:\/\/fincavuyatela.com\/wp-content\/uploads\/room-info-sheet-ES.pdf\">Haga clic aqu\u00ed<\/a> para leer (en Espa\u00f1ol) nuestra actualizaci\u00f3n de Covid-19 y la informaci\u00f3n para tu estancia.<\/p>\n<h2 style=\"text-align: center;\" hidden=\"\">Suites Javea Art Boutique Bed Breakfast Finca Costa Blanca<\/h2>\n\n\t\t<\/div>\n\t<\/div>\n<\/div><\/div><\/div><\/div><div class=\"vc_row wpb_row vc_row-fluid\"><div class=\"wpb_column vc_column_container vc_col-sm-12\"><div class=\"vc_column-inner\"><div class=\"wpb_wrapper\"><\/div><\/div><\/div><\/div>\n<\/section>","protected":false},"excerpt":{"rendered":"Want to get away from it all and unwind in a beautiful location and a relaxed atmosphere? Enjoy the nature the beach, the sun and certainly spoil yourself in a culinary way\u2026 ? Patries and Carel and of course their golden retriever, Sjors, are looking forward to your stay. The[...]","protected":false},"author":1,"featured_media":1189,"parent":0,"menu_order":0,"comment_status":"open","ping_status":"open","template":"","meta":{"_wp_rev_ctl_limit":""},"yoast_head":"<!-- This site is optimized with the Yoast SEO plugin v20.10 - https:\/\/yoast.com\/wordpress\/plugins\/seo\/ -->\n<title>Suites Javea Art Boutique Bed Breakfast Finca Costa Blanca<\/title>\n<meta name=\"description\" content=\"Suites Javea Art Boutique Bed Breakfast Finca Costa Blanca, Want to get away from it all and unwind in a beautiful location in a relaxed atmosphere? ...\" \/>\n<meta name=\"robots\" content=\"index, follow, max-snippet:-1, max-image-preview:large, max-video-preview:-1\" \/>\n<link rel=\"canonical\" href=\"https:\/\/fincavuyatela.com\/nl\/suites-javea-art-boutique-bed-breakfast-finca-costa-blanca\/\" \/>\n<meta property=\"og:locale\" content=\"nl_NL\" \/>\n<meta property=\"og:type\" content=\"article\" \/>\n<meta property=\"og:title\" content=\"Suites Javea Art Boutique Bed Breakfast Finca Costa Blanca\" \/>\n<meta property=\"og:description\" content=\"Suites Javea Art Boutique Bed Breakfast Finca Costa Blanca, Want to get away from it all and unwind in a beautiful location in a relaxed atmosphere? ...\" \/>\n<meta property=\"og:url\" content=\"https:\/\/fincavuyatela.com\/nl\/suites-javea-art-boutique-bed-breakfast-finca-costa-blanca\/\" \/>\n<meta property=\"og:site_name\" content=\"Finca Vuyatela\" \/>\n<meta property=\"article:modified_time\" content=\"2024-03-19T18:24:50+00:00\" \/>\n<meta property=\"og:image\" content=\"https:\/\/fincavuyatela.com\/wp-content\/uploads\/Finc_Vuyatela_our_suites_800x450.jpg\" \/>\n\t<meta property=\"og:image:width\" content=\"800\" \/>\n\t<meta property=\"og:image:height\" content=\"450\" \/>\n\t<meta property=\"og:image:type\" content=\"image\/jpeg\" \/>\n<meta name=\"twitter:card\" content=\"summary_large_image\" \/>\n<meta name=\"twitter:label1\" content=\"Geschatte leestijd\" \/>\n\t<meta name=\"twitter:data1\" content=\"1 minuut\" \/>\n<script type=\"application\/ld+json\" class=\"yoast-schema-graph\">{\"@context\":\"https:\/\/schema.org\",\"@graph\":[{\"@type\":\"WebPage\",\"@id\":\"https:\/\/fincavuyatela.com\/suites-javea-art-boutique-bed-breakfast-finca-costa-blanca\/\",\"url\":\"https:\/\/fincavuyatela.com\/suites-javea-art-boutique-bed-breakfast-finca-costa-blanca\/\",\"name\":\"Suites Javea Art Boutique Bed Breakfast Finca Costa Blanca\",\"isPartOf\":{\"@id\":\"https:\/\/fincavuyatela.com\/#website\"},\"datePublished\":\"2014-07-22T06:00:20+00:00\",\"dateModified\":\"2024-03-19T18:24:50+00:00\",\"description\":\"Suites Javea Art Boutique Bed Breakfast Finca Costa Blanca, Want to get away from it all and unwind in a beautiful location in a relaxed atmosphere? ...\",\"breadcrumb\":{\"@id\":\"https:\/\/fincavuyatela.com\/suites-javea-art-boutique-bed-breakfast-finca-costa-blanca\/#breadcrumb\"},\"inLanguage\":\"nl-NL\",\"potentialAction\":[{\"@type\":\"ReadAction\",\"target\":[\"https:\/\/fincavuyatela.com\/suites-javea-art-boutique-bed-breakfast-finca-costa-blanca\/\"]}]},{\"@type\":\"BreadcrumbList\",\"@id\":\"https:\/\/fincavuyatela.com\/suites-javea-art-boutique-bed-breakfast-finca-costa-blanca\/#breadcrumb\",\"itemListElement\":[{\"@type\":\"ListItem\",\"position\":1,\"name\":\"Home\",\"item\":\"https:\/\/fincavuyatela.com\/\"},{\"@type\":\"ListItem\",\"position\":2,\"name\":\"Our Suites\"}]},{\"@type\":\"WebSite\",\"@id\":\"https:\/\/fincavuyatela.com\/#website\",\"url\":\"https:\/\/fincavuyatela.com\/\",\"name\":\"Finca Vuyatela\",\"description\":\"Art Boutique \/ Bed &amp; Breakfast, Javea, Costa Blanca\",\"potentialAction\":[{\"@type\":\"SearchAction\",\"target\":{\"@type\":\"EntryPoint\",\"urlTemplate\":\"https:\/\/fincavuyatela.com\/?s={search_term_string}\"},\"query-input\":\"required name=search_term_string\"}],\"inLanguage\":\"nl-NL\"}]}<\/script>\n<!-- \/ Yoast SEO plugin. -->","yoast_head_json":{"title":"Suites Javea Art Boutique Bed Breakfast Finca Costa Blanca","description":"Suites Javea Art Boutique Bed Breakfast Finca Costa Blanca, Want to get away from it all and unwind in a beautiful location in a relaxed atmosphere? ...","robots":{"index":"index","follow":"follow","max-snippet":"max-snippet:-1","max-image-preview":"max-image-preview:large","max-video-preview":"max-video-preview:-1"},"canonical":"https:\/\/fincavuyatela.com\/nl\/suites-javea-art-boutique-bed-breakfast-finca-costa-blanca\/","og_locale":"nl_NL","og_type":"article","og_title":"Suites Javea Art Boutique Bed Breakfast Finca Costa Blanca","og_description":"Suites Javea Art Boutique Bed Breakfast Finca Costa Blanca, Want to get away from it all and unwind in a beautiful location in a relaxed atmosphere? ...","og_url":"https:\/\/fincavuyatela.com\/nl\/suites-javea-art-boutique-bed-breakfast-finca-costa-blanca\/","og_site_name":"Finca Vuyatela","article_modified_time":"2024-03-19T18:24:50+00:00","og_image":[{"width":800,"height":450,"url":"https:\/\/fincavuyatela.com\/wp-content\/uploads\/Finc_Vuyatela_our_suites_800x450.jpg","type":"image\/jpeg"}],"twitter_card":"summary_large_image","twitter_misc":{"Geschatte leestijd":"1 minuut"},"schema":{"@context":"https:\/\/schema.org","@graph":[{"@type":"WebPage","@id":"https:\/\/fincavuyatela.com\/suites-javea-art-boutique-bed-breakfast-finca-costa-blanca\/","url":"https:\/\/fincavuyatela.com\/suites-javea-art-boutique-bed-breakfast-finca-costa-blanca\/","name":"Suites Javea Art Boutique Bed Breakfast Finca Costa Blanca","isPartOf":{"@id":"https:\/\/fincavuyatela.com\/#website"},"datePublished":"2014-07-22T06:00:20+00:00","dateModified":"2024-03-19T18:24:50+00:00","description":"Suites Javea Art Boutique Bed Breakfast Finca Costa Blanca, Want to get away from it all and unwind in a beautiful location in a relaxed atmosphere? ...","breadcrumb":{"@id":"https:\/\/fincavuyatela.com\/suites-javea-art-boutique-bed-breakfast-finca-costa-blanca\/#breadcrumb"},"inLanguage":"nl-NL","potentialAction":[{"@type":"ReadAction","target":["https:\/\/fincavuyatela.com\/suites-javea-art-boutique-bed-breakfast-finca-costa-blanca\/"]}]},{"@type":"BreadcrumbList","@id":"https:\/\/fincavuyatela.com\/suites-javea-art-boutique-bed-breakfast-finca-costa-blanca\/#breadcrumb","itemListElement":[{"@type":"ListItem","position":1,"name":"Home","item":"https:\/\/fincavuyatela.com\/"},{"@type":"ListItem","position":2,"name":"Our Suites"}]},{"@type":"WebSite","@id":"https:\/\/fincavuyatela.com\/#website","url":"https:\/\/fincavuyatela.com\/","name":"Finca Vuyatela","description":"Art Boutique \/ Bed &amp; Breakfast, Javea, Costa Blanca","potentialAction":[{"@type":"SearchAction","target":{"@type":"EntryPoint","urlTemplate":"https:\/\/fincavuyatela.com\/?s={search_term_string}"},"query-input":"required name=search_term_string"}],"inLanguage":"nl-NL"}]}},"post_mailing_queue_ids":[],"_links":{"self":[{"href":"https:\/\/fincavuyatela.com\/nl\/wp-json\/wp\/v2\/pages\/195"}],"collection":[{"href":"https:\/\/fincavuyatela.com\/nl\/wp-json\/wp\/v2\/pages"}],"about":[{"href":"https:\/\/fincavuyatela.com\/nl\/wp-json\/wp\/v2\/types\/page"}],"author":[{"embeddable":true,"href":"https:\/\/fincavuyatela.com\/nl\/wp-json\/wp\/v2\/users\/1"}],"replies":[{"embeddable":true,"href":"https:\/\/fincavuyatela.com\/nl\/wp-json\/wp\/v2\/comments?post=195"}],"version-history":[{"count":0,"href":"https:\/\/fincavuyatela.com\/nl\/wp-json\/wp\/v2\/pages\/195\/revisions"}],"wp:featuredmedia":[{"embeddable":true,"href":"https:\/\/fincavuyatela.com\/nl\/wp-json\/wp\/v2\/media\/1189"}],"wp:attachment":[{"href":"https:\/\/fincavuyatela.com\/nl\/wp-json\/wp\/v2\/media?parent=195"}],"curies":[{"name":"wp","href":"https:\/\/api.w.org\/{rel}","templated":true}]}}